{"id":3167,"date":"2021-01-12T08:09:10","date_gmt":"2021-01-12T08:09:10","guid":{"rendered":"http:\/\/clapat-themes.com\/wordpress\/rayden\/?page_id=3167"},"modified":"2024-12-14T21:00:17","modified_gmt":"2024-12-14T21:00:17","slug":"periodista-actriz","status":"publish","type":"page","link":"https:\/\/odeicachero.es\/","title":{"rendered":"ODEI CACHERO"},"content":{"rendered":"\n<div style=\"height:100px\" aria-hidden=\"true\" class=\"wp-block-spacer\"><\/div>\n\n\n\n<div class=\"wp-block-columns alignwide is-layout-flex wp-container-core-columns-is-layout-9d6595d7 wp-block-columns-is-layout-flex\">\n<div class=\"wp-block-column is-layout-flow wp-block-column-is-layout-flow\">\n<figure class=\"wp-block-gallery has-nested-images columns-default is-cropped wp-block-gallery-1 is-layout-flex wp-block-gallery-is-layout-flex\">\n<figure class=\"wp-block-image size-full\"><a class=\"enlace\" href=\"https:\/\/actriz.odeicachero.es\/\" target=\"_blank\" rel=\" noreferrer noopener\"><img loading=\"lazy\" decoding=\"async\" width=\"800\" height=\"500\" data-id=\"3681\" src=\"http:\/\/odeicachero.es\/wp-content\/uploads\/2022\/03\/actriz.png\" alt=\"Odei Cachero Hernandez actriz serie pel\u00edcula teatro cine television TV Espa\u00f1a Telecinco TVE Mediaset biografia edad Instagram Facebook pareja Wikipedia Andaluc\u00eda Madrid Canarias Asturias Valencia Fuerteventura tele video web p\u00e1gina modelo foto fotograf\u00eda imagen im\u00e1genes trabajos directo trabajo videobook book curriculum youtube contacto foto hbo netflix\" class=\"wp-image-3681\" srcset=\"https:\/\/odeicachero.es\/wp-content\/uploads\/2022\/03\/actriz.png 800w, https:\/\/odeicachero.es\/wp-content\/uploads\/2022\/03\/actriz-768x480.png 768w\" sizes=\"auto, (max-width: 800px) 100vw, 800px\" \/><\/a><\/figure>\n<\/figure>\n<\/div>\n\n\n\n<div class=\"wp-block-column is-layout-flow wp-block-column-is-layout-flow\">\n<figure class=\"wp-block-image size-full\"><a class=\"enlace\" href=\"https:\/\/periodista.odeicachero.es\/\" target=\"_blank\" rel=\" noreferrer noopener\"><img loading=\"lazy\" decoding=\"async\" width=\"800\" height=\"500\" src=\"http:\/\/odeicachero.es\/wp-content\/uploads\/2022\/03\/Periodista-.png\" alt=\"Odei Cachero Hernandez reportera presentadora periodista televisi\u00f3n TV Espa\u00f1a Directo Telecinco TVE telediario biografia noticia edad Instagram Facebook pareja Wikipedia Andaluc\u00eda Madrid Espa\u00f1a Canarias Asturias Valencia La Ma\u00f1ana Fuerteventura bikini tele video web p\u00e1gina modelo foto fotograf\u00eda periodismo imagen im\u00e1genes trabajos directo trabajo Cuatro Mediaset redactora reportaje videobook La hora entrevista Facebook curriculum youtube contacto\" class=\"wp-image-3682\" srcset=\"https:\/\/odeicachero.es\/wp-content\/uploads\/2022\/03\/Periodista-.png 800w, https:\/\/odeicachero.es\/wp-content\/uploads\/2022\/03\/Periodista--768x480.png 768w\" sizes=\"auto, (max-width: 800px) 100vw, 800px\" \/><\/a><\/figure>\n<\/div>\n<\/div>\n\n\n\n<div style=\"height:100px\" aria-hidden=\"true\" class=\"wp-block-spacer\"><\/div>\n","protected":false},"excerpt":{"rendered":"","protected":false},"author":1,"featured_media":0,"parent":0,"menu_order":0,"comment_status":"closed","ping_status":"closed","template":"","meta":{"footnotes":""},"class_list":["post-3167","page","type-page","status-publish","hentry","entry"],"yoast_head":"<!-- This site is optimized with the Yoast SEO plugin v27.4 - https:\/\/yoast.com\/product\/yoast-seo-wordpress\/ -->\n<title>Odei Cachero - Periodista y Actriz<\/title>\n<meta name=\"description\" content=\"P\u00e1gina web de Odei Cachero. Periodista y actriz. Reportera y presentadora de televisi\u00f3n. Actriz de teatro y cine.\" \/>\n<meta name=\"robots\" content=\"index, follow, max-snippet:-1, max-image-preview:large, max-video-preview:-1\" \/>\n<link rel=\"canonical\" href=\"https:\/\/odeicachero.es\/\" \/>\n<meta property=\"og:locale\" content=\"es_ES\" \/>\n<meta property=\"og:type\" content=\"article\" \/>\n<meta property=\"og:title\" content=\"Odei Cachero - Periodista y Actriz\" \/>\n<meta property=\"og:description\" content=\"P\u00e1gina web de Odei Cachero. Periodista y actriz. Reportera y presentadora de televisi\u00f3n. Actriz de teatro y cine.\" \/>\n<meta property=\"og:url\" content=\"https:\/\/odeicachero.es\/\" \/>\n<meta property=\"og:site_name\" content=\"ODEI CACHERO\" \/>\n<meta property=\"article:modified_time\" content=\"2024-12-14T21:00:17+00:00\" \/>\n<meta property=\"og:image\" content=\"https:\/\/odeicachero.es\/wp-content\/uploads\/2023\/11\/Odei-Cachero-web-actriz-periodista-presentadora-television-tv-television-reportera-entrevista-directo-fotos-book-videobook-contacto-pagina-cine-serie-pelicula-teatro-tv-actor-actriz-interpretacion-scaled.jpg\" \/>\n\t<meta property=\"og:image:width\" content=\"2464\" \/>\n\t<meta property=\"og:image:height\" content=\"2560\" \/>\n\t<meta property=\"og:image:type\" content=\"image\/jpeg\" \/>\n<meta name=\"twitter:card\" content=\"summary_large_image\" \/>\n<meta name=\"twitter:title\" content=\"Odei Cachero - Periodista y Actriz\" \/>\n<meta name=\"twitter:description\" content=\"P\u00e1gina web de Odei Cachero. Periodista y actriz. Reportera y presentadora de televisi\u00f3n. Actriz de teatro y cine.\" \/>\n<meta name=\"twitter:image\" content=\"https:\/\/odeicachero.es\/wp-content\/uploads\/2023\/11\/Odei-Cachero-web-actriz-periodista-presentadora-television-tv-television-reportera-entrevista-directo-fotos-book-videobook-contacto-pagina-cine-serie-pelicula-teatro-tv-actor-actriz-interpretacion-scaled.jpg\" \/>\n<meta name=\"twitter:label1\" content=\"Tiempo de lectura\" \/>\n\t<meta name=\"twitter:data1\" content=\"1 minuto\" \/>\n<script type=\"application\/ld+json\" class=\"yoast-schema-graph\">{\"@context\":\"https:\\\/\\\/schema.org\",\"@graph\":[{\"@type\":\"Article\",\"@id\":\"https:\\\/\\\/odeicachero.es\\\/#article\",\"isPartOf\":{\"@id\":\"https:\\\/\\\/odeicachero.es\\\/\"},\"author\":{\"name\":\"Odei\",\"@id\":\"https:\\\/\\\/odeicachero.es\\\/#\\\/schema\\\/person\\\/258899721379a380bb6d9f7fb4b54866\"},\"headline\":\"ODEI CACHERO\",\"datePublished\":\"2021-01-12T08:09:10+00:00\",\"dateModified\":\"2024-12-14T21:00:17+00:00\",\"mainEntityOfPage\":{\"@id\":\"https:\\\/\\\/odeicachero.es\\\/\"},\"wordCount\":2,\"publisher\":{\"@id\":\"https:\\\/\\\/odeicachero.es\\\/#\\\/schema\\\/person\\\/258899721379a380bb6d9f7fb4b54866\"},\"image\":{\"@id\":\"https:\\\/\\\/odeicachero.es\\\/#primaryimage\"},\"thumbnailUrl\":\"http:\\\/\\\/odeicachero.es\\\/wp-content\\\/uploads\\\/2022\\\/03\\\/actriz.png\",\"inLanguage\":\"es\"},{\"@type\":\"WebPage\",\"@id\":\"https:\\\/\\\/odeicachero.es\\\/\",\"url\":\"https:\\\/\\\/odeicachero.es\\\/\",\"name\":\"Odei Cachero - Periodista y Actriz\",\"isPartOf\":{\"@id\":\"https:\\\/\\\/odeicachero.es\\\/#website\"},\"primaryImageOfPage\":{\"@id\":\"https:\\\/\\\/odeicachero.es\\\/#primaryimage\"},\"image\":{\"@id\":\"https:\\\/\\\/odeicachero.es\\\/#primaryimage\"},\"thumbnailUrl\":\"http:\\\/\\\/odeicachero.es\\\/wp-content\\\/uploads\\\/2022\\\/03\\\/actriz.png\",\"datePublished\":\"2021-01-12T08:09:10+00:00\",\"dateModified\":\"2024-12-14T21:00:17+00:00\",\"description\":\"P\u00e1gina web de Odei Cachero. Periodista y actriz. Reportera y presentadora de televisi\u00f3n. Actriz de teatro y cine.\",\"breadcrumb\":{\"@id\":\"https:\\\/\\\/odeicachero.es\\\/#breadcrumb\"},\"inLanguage\":\"es\",\"potentialAction\":[{\"@type\":\"ReadAction\",\"target\":[\"https:\\\/\\\/odeicachero.es\\\/\"]}]},{\"@type\":\"ImageObject\",\"inLanguage\":\"es\",\"@id\":\"https:\\\/\\\/odeicachero.es\\\/#primaryimage\",\"url\":\"https:\\\/\\\/odeicachero.es\\\/wp-content\\\/uploads\\\/2022\\\/03\\\/actriz.png\",\"contentUrl\":\"https:\\\/\\\/odeicachero.es\\\/wp-content\\\/uploads\\\/2022\\\/03\\\/actriz.png\",\"width\":800,\"height\":500,\"caption\":\"Odei Cachero Hernandez actriz serie pel\u00edcula teatro cine television TV Espa\u00f1a Telecinco TVE Mediaset biografia edad Instagram Facebook pareja Wikipedia Andaluc\u00eda Madrid Canarias Asturias Valencia Fuerteventura tele video web p\u00e1gina modelo foto fotograf\u00eda imagen im\u00e1genes trabajos directo trabajo videobook book curriculum youtube contacto foto hbo netflix\"},{\"@type\":\"BreadcrumbList\",\"@id\":\"https:\\\/\\\/odeicachero.es\\\/#breadcrumb\",\"itemListElement\":[{\"@type\":\"ListItem\",\"position\":1,\"name\":\"Portada\",\"item\":\"https:\\\/\\\/odeicachero.es\\\/\"},{\"@type\":\"ListItem\",\"position\":2,\"name\":\"Odei Cachero periodista actriz televisi\u00f3n\"}]},{\"@type\":\"WebSite\",\"@id\":\"https:\\\/\\\/odeicachero.es\\\/#website\",\"url\":\"https:\\\/\\\/odeicachero.es\\\/\",\"name\":\"ODEI CACHERO\",\"description\":\"Periodista y actriz\",\"publisher\":{\"@id\":\"https:\\\/\\\/odeicachero.es\\\/#\\\/schema\\\/person\\\/258899721379a380bb6d9f7fb4b54866\"},\"potentialAction\":[{\"@type\":\"SearchAction\",\"target\":{\"@type\":\"EntryPoint\",\"urlTemplate\":\"https:\\\/\\\/odeicachero.es\\\/?s={search_term_string}\"},\"query-input\":{\"@type\":\"PropertyValueSpecification\",\"valueRequired\":true,\"valueName\":\"search_term_string\"}}],\"inLanguage\":\"es\"},{\"@type\":[\"Person\",\"Organization\"],\"@id\":\"https:\\\/\\\/odeicachero.es\\\/#\\\/schema\\\/person\\\/258899721379a380bb6d9f7fb4b54866\",\"name\":\"Odei\",\"image\":{\"@type\":\"ImageObject\",\"inLanguage\":\"es\",\"@id\":\"http:\\\/\\\/odeicachero.es\\\/wp-content\\\/uploads\\\/2022\\\/05\\\/Odei-Cachero-periodista-actriz-presentadora-reportera-television-tv-web-cine-pelicula-serie--scaled.jpg\",\"url\":\"http:\\\/\\\/odeicachero.es\\\/wp-content\\\/uploads\\\/2022\\\/05\\\/Odei-Cachero-periodista-actriz-presentadora-reportera-television-tv-web-cine-pelicula-serie--scaled.jpg\",\"contentUrl\":\"http:\\\/\\\/odeicachero.es\\\/wp-content\\\/uploads\\\/2022\\\/05\\\/Odei-Cachero-periodista-actriz-presentadora-reportera-television-tv-web-cine-pelicula-serie--scaled.jpg\",\"width\":2560,\"height\":2468,\"caption\":\"Odei\"},\"logo\":{\"@id\":\"http:\\\/\\\/odeicachero.es\\\/wp-content\\\/uploads\\\/2022\\\/05\\\/Odei-Cachero-periodista-actriz-presentadora-reportera-television-tv-web-cine-pelicula-serie--scaled.jpg\"},\"description\":\"Periodista y actriz\",\"sameAs\":[\"http:\\\/\\\/odeicachero.es\"],\"url\":\"https:\\\/\\\/odeicachero.es\\\/index.php\\\/author\\\/admin\\\/\"}]}<\/script>\n<!-- \/ Yoast SEO plugin. -->","yoast_head_json":{"title":"Odei Cachero - Periodista y Actriz","description":"P\u00e1gina web de Odei Cachero. Periodista y actriz. Reportera y presentadora de televisi\u00f3n. Actriz de teatro y cine.","robots":{"index":"index","follow":"follow","max-snippet":"max-snippet:-1","max-image-preview":"max-image-preview:large","max-video-preview":"max-video-preview:-1"},"canonical":"https:\/\/odeicachero.es\/","og_locale":"es_ES","og_type":"article","og_title":"Odei Cachero - Periodista y Actriz","og_description":"P\u00e1gina web de Odei Cachero. Periodista y actriz. Reportera y presentadora de televisi\u00f3n. Actriz de teatro y cine.","og_url":"https:\/\/odeicachero.es\/","og_site_name":"ODEI CACHERO","article_modified_time":"2024-12-14T21:00:17+00:00","og_image":[{"width":2464,"height":2560,"url":"https:\/\/odeicachero.es\/wp-content\/uploads\/2023\/11\/Odei-Cachero-web-actriz-periodista-presentadora-television-tv-television-reportera-entrevista-directo-fotos-book-videobook-contacto-pagina-cine-serie-pelicula-teatro-tv-actor-actriz-interpretacion-scaled.jpg","type":"image\/jpeg"}],"twitter_card":"summary_large_image","twitter_title":"Odei Cachero - Periodista y Actriz","twitter_description":"P\u00e1gina web de Odei Cachero. Periodista y actriz. Reportera y presentadora de televisi\u00f3n. Actriz de teatro y cine.","twitter_image":"https:\/\/odeicachero.es\/wp-content\/uploads\/2023\/11\/Odei-Cachero-web-actriz-periodista-presentadora-television-tv-television-reportera-entrevista-directo-fotos-book-videobook-contacto-pagina-cine-serie-pelicula-teatro-tv-actor-actriz-interpretacion-scaled.jpg","twitter_misc":{"Tiempo de lectura":"1 minuto"},"schema":{"@context":"https:\/\/schema.org","@graph":[{"@type":"Article","@id":"https:\/\/odeicachero.es\/#article","isPartOf":{"@id":"https:\/\/odeicachero.es\/"},"author":{"name":"Odei","@id":"https:\/\/odeicachero.es\/#\/schema\/person\/258899721379a380bb6d9f7fb4b54866"},"headline":"ODEI CACHERO","datePublished":"2021-01-12T08:09:10+00:00","dateModified":"2024-12-14T21:00:17+00:00","mainEntityOfPage":{"@id":"https:\/\/odeicachero.es\/"},"wordCount":2,"publisher":{"@id":"https:\/\/odeicachero.es\/#\/schema\/person\/258899721379a380bb6d9f7fb4b54866"},"image":{"@id":"https:\/\/odeicachero.es\/#primaryimage"},"thumbnailUrl":"http:\/\/odeicachero.es\/wp-content\/uploads\/2022\/03\/actriz.png","inLanguage":"es"},{"@type":"WebPage","@id":"https:\/\/odeicachero.es\/","url":"https:\/\/odeicachero.es\/","name":"Odei Cachero - Periodista y Actriz","isPartOf":{"@id":"https:\/\/odeicachero.es\/#website"},"primaryImageOfPage":{"@id":"https:\/\/odeicachero.es\/#primaryimage"},"image":{"@id":"https:\/\/odeicachero.es\/#primaryimage"},"thumbnailUrl":"http:\/\/odeicachero.es\/wp-content\/uploads\/2022\/03\/actriz.png","datePublished":"2021-01-12T08:09:10+00:00","dateModified":"2024-12-14T21:00:17+00:00","description":"P\u00e1gina web de Odei Cachero. Periodista y actriz. Reportera y presentadora de televisi\u00f3n. Actriz de teatro y cine.","breadcrumb":{"@id":"https:\/\/odeicachero.es\/#breadcrumb"},"inLanguage":"es","potentialAction":[{"@type":"ReadAction","target":["https:\/\/odeicachero.es\/"]}]},{"@type":"ImageObject","inLanguage":"es","@id":"https:\/\/odeicachero.es\/#primaryimage","url":"https:\/\/odeicachero.es\/wp-content\/uploads\/2022\/03\/actriz.png","contentUrl":"https:\/\/odeicachero.es\/wp-content\/uploads\/2022\/03\/actriz.png","width":800,"height":500,"caption":"Odei Cachero Hernandez actriz serie pel\u00edcula teatro cine television TV Espa\u00f1a Telecinco TVE Mediaset biografia edad Instagram Facebook pareja Wikipedia Andaluc\u00eda Madrid Canarias Asturias Valencia Fuerteventura tele video web p\u00e1gina modelo foto fotograf\u00eda imagen im\u00e1genes trabajos directo trabajo videobook book curriculum youtube contacto foto hbo netflix"},{"@type":"BreadcrumbList","@id":"https:\/\/odeicachero.es\/#breadcrumb","itemListElement":[{"@type":"ListItem","position":1,"name":"Portada","item":"https:\/\/odeicachero.es\/"},{"@type":"ListItem","position":2,"name":"Odei Cachero periodista actriz televisi\u00f3n"}]},{"@type":"WebSite","@id":"https:\/\/odeicachero.es\/#website","url":"https:\/\/odeicachero.es\/","name":"ODEI CACHERO","description":"Periodista y actriz","publisher":{"@id":"https:\/\/odeicachero.es\/#\/schema\/person\/258899721379a380bb6d9f7fb4b54866"},"potentialAction":[{"@type":"SearchAction","target":{"@type":"EntryPoint","urlTemplate":"https:\/\/odeicachero.es\/?s={search_term_string}"},"query-input":{"@type":"PropertyValueSpecification","valueRequired":true,"valueName":"search_term_string"}}],"inLanguage":"es"},{"@type":["Person","Organization"],"@id":"https:\/\/odeicachero.es\/#\/schema\/person\/258899721379a380bb6d9f7fb4b54866","name":"Odei","image":{"@type":"ImageObject","inLanguage":"es","@id":"http:\/\/odeicachero.es\/wp-content\/uploads\/2022\/05\/Odei-Cachero-periodista-actriz-presentadora-reportera-television-tv-web-cine-pelicula-serie--scaled.jpg","url":"http:\/\/odeicachero.es\/wp-content\/uploads\/2022\/05\/Odei-Cachero-periodista-actriz-presentadora-reportera-television-tv-web-cine-pelicula-serie--scaled.jpg","contentUrl":"http:\/\/odeicachero.es\/wp-content\/uploads\/2022\/05\/Odei-Cachero-periodista-actriz-presentadora-reportera-television-tv-web-cine-pelicula-serie--scaled.jpg","width":2560,"height":2468,"caption":"Odei"},"logo":{"@id":"http:\/\/odeicachero.es\/wp-content\/uploads\/2022\/05\/Odei-Cachero-periodista-actriz-presentadora-reportera-television-tv-web-cine-pelicula-serie--scaled.jpg"},"description":"Periodista y actriz","sameAs":["http:\/\/odeicachero.es"],"url":"https:\/\/odeicachero.es\/index.php\/author\/admin\/"}]}},"_links":{"self":[{"href":"https:\/\/odeicachero.es\/index.php\/wp-json\/wp\/v2\/pages\/3167","targetHints":{"allow":["GET"]}}],"collection":[{"href":"https:\/\/odeicachero.es\/index.php\/wp-json\/wp\/v2\/pages"}],"about":[{"href":"https:\/\/odeicachero.es\/index.php\/wp-json\/wp\/v2\/types\/page"}],"author":[{"embeddable":true,"href":"https:\/\/odeicachero.es\/index.php\/wp-json\/wp\/v2\/users\/1"}],"replies":[{"embeddable":true,"href":"https:\/\/odeicachero.es\/index.php\/wp-json\/wp\/v2\/comments?post=3167"}],"version-history":[{"count":18,"href":"https:\/\/odeicachero.es\/index.php\/wp-json\/wp\/v2\/pages\/3167\/revisions"}],"predecessor-version":[{"id":3854,"href":"https:\/\/odeicachero.es\/index.php\/wp-json\/wp\/v2\/pages\/3167\/revisions\/3854"}],"wp:attachment":[{"href":"https:\/\/odeicachero.es\/index.php\/wp-json\/wp\/v2\/media?parent=3167"}],"curies":[{"name":"wp","href":"https:\/\/api.w.org\/{rel}","templated":true}]}}